{"id":7246,"date":"2021-11-26T13:26:52","date_gmt":"2021-11-26T13:26:52","guid":{"rendered":"https:\/\/tecnologiacultural.com\/en\/?page_id=7246"},"modified":"2022-08-31T10:03:37","modified_gmt":"2022-08-31T10:03:37","slug":"virtual-tours","status":"publish","type":"page","link":"https:\/\/tecnologiacultural.com\/en\/virtual-tours","title":{"rendered":"VIRTUAL TOURS"},"content":{"rendered":"<div id=\"ppb_header_video1661940217405357952\" class=\"one withsmallpadding ppb_header_video \" style=\"text-align:left;padding:30px 0 30px 0;;height:75vh;position:relative;\" >\n<div class=\"overlay_background_title\" style=\"background-color: rgba(0, 0, 0, 0.4);\"><\/div>\n<div class=\"background_center_title_wrapper\" style=\"z-index:3;position:relative;\">\n<div class=\"title_content\">\n<div class=\"ppb_header_content\">\n<h1 style=\"text-align: center;\"><img decoding=\"async\" loading=\"lazy\" class=\"alignnone wp-image-7229\" src=\"https:\/\/tecnologiacultural.com\/wp-content\/uploads\/sites\/3\/2021\/11\/icoB.svg\" alt=\"\" width=\"153\" height=\"119\" \/><\/h1>\n<h2 style=\"text-align: center;\"><span style=\"color: #ffffff;\">VIRTUAL<\/span><br \/>\n<span style=\"color: #ffffff;\">TOURS<\/span><\/h2>\n<div class=\"icon-scroll\"><\/div>\n<\/div>\n<\/div>\n<\/div>\n<\/div>\n<\/div>\n<div id=\"ppb_header_video1661940217162886779\" class=\"one withsmallpadding ppb_header_video \" style=\"text-align:left;padding:30px 0 30px 0;;height:75vh;position:relative;\" >\n<div class=\"overlay_background_title\" style=\"background-color: rgba(0, 0, 0, 0.4);\"><\/div>\n<div class=\"background_center_title_wrapper\" style=\"z-index:3;position:relative;\">\n<div class=\"title_content\">\n<div class=\"ppb_header_content\">\n<h1 style=\"text-align: center;\"><img decoding=\"async\" loading=\"lazy\" class=\"alignnone wp-image-7229\" src=\"https:\/\/tecnologiacultural.com\/wp-content\/uploads\/sites\/3\/2021\/11\/icoB.svg\" alt=\"\" width=\"153\" height=\"119\" \/><\/h1>\n<h2 style=\"text-align: center;\"><span style=\"color: #ffffff;\">VIRTUAL<\/span><br \/>\n<span style=\"color: #ffffff;\">TOURS<\/span><\/h2>\n<div class=\"icon-scroll\"><\/div>\n<\/div>\n<\/div>\n<\/div>\n<\/div>\n<\/div>\n<div class=\"standard_wrapper\">\n<div  class=\"one_third withsmallpadding ppb_text\" style=\"padding:30px 0 30px 0;\" >\n<div class=\"standard_wrapper\">\n<div class=\"page_content_wrapper\">\n<div class=\"inner\">\n<div style=\"margin:auto;width:100%\">\n<h2>TRUE<br \/>\n360 DEGREES<\/h2>\n<\/div>\n<\/div>\n<\/div>\n<\/div>\n<\/div>\n<\/div>\n<div class=\"standard_wrapper\">\n<div  class=\"two_third last withsmallpadding ppb_text\" style=\"padding:30px 0 30px 0;\" >\n<div class=\"standard_wrapper\">\n<div class=\"page_content_wrapper\">\n<div class=\"inner\">\n<div style=\"margin:auto;width:100%\">\n<h5>WHY USE TOURS<br \/>\nAS CULTURAL TECHNOLOGY<\/h5>\n<p style=\"text-align: justify;\">There are several reasons why tours are used in spaces such as museums, cathedrals, archaeological sites, catacombs, industrial heritage, etc.:<\/p>\n<p style=\"text-align: justify; padding-left: 40px;\"><img decoding=\"async\" loading=\"lazy\" src=\"https:\/\/tecnologiacultural.com\/wp-content\/uploads\/sites\/3\/2021\/11\/cuadrdado.svg\" alt=\"\" width=\"9\" height=\"9\" \/> In the first place, there is the <strong>promotional motive<\/strong> of this cultural space.<br \/>\n<img decoding=\"async\" loading=\"lazy\" src=\"https:\/\/tecnologiacultural.com\/wp-content\/uploads\/sites\/3\/2021\/11\/cuadrdado.svg\" alt=\"\" width=\"9\" height=\"9\" \/> A second reason is to <strong>bring closer a space<\/strong> that, even in its remoteness, prohibition or impossibility of access, is part of that exhibition space, as would happen with prehistory interpretation centers, where access to paintings or caves is limited or prohibited to the public. and the only real way to perceive the space is with a virtual tour.<br \/>\n<img decoding=\"async\" loading=\"lazy\" src=\"https:\/\/tecnologiacultural.com\/wp-content\/uploads\/sites\/3\/2021\/11\/cuadrdado.svg\" alt=\"\" width=\"9\" height=\"9\" \/> A third use focuses on <strong>creating virtual exhibition spaces<\/strong>. There are many occasions in which it is impossible to have all the artist\u2019s pieces (paintings, sculptures, etc.), and the best way to present these works would be with the creation of a virtual space. These spaces are also created so that works can be seen from anywhere in the world where they could never be accessed in person. Without a doubt, these spaces have reached a peak in the time of the pandemic so that culture did not come to a stop.<\/p>\n<\/div>\n<\/div>\n<\/div>\n<\/div>\n<\/div>\n<\/div>\n<div  class=\"one withsmallpadding ppb_text\" style=\"padding:30px 0 30px 0;\" >\n<div class=\"standard_wrapper\">\n<div class=\"page_content_wrapper\">\n<div class=\"inner\">\n<div style=\"margin:auto;width:100%\">\n<h6 style=\"text-align: center;\"><span style=\"color: #ffffff;\">Navigating this tour (pilot project), you will understand the possibilities of the product.<\/span><\/h6>\n<p style=\"text-align: center;\"><a href=\"http:\/\/miraesto.info\/360\/museobellasartes\/index.html?s=pano44\" target=\"_blank\" rel=\"noopener\"><img decoding=\"async\" loading=\"lazy\" class=\"alignnone size-full wp-image-7443\" src=\"https:\/\/tecnologiacultural.com\/wp-content\/uploads\/sites\/3\/2021\/11\/tourmuseobellasartes.jpg\" alt=\"\" width=\"2000\" height=\"635\" \/><\/a><\/p>\n<\/div>\n<\/div>\n<\/div>\n<\/div>\n<\/div>\n<div class=\"standard_wrapper\">\n<div  class=\"one_third withsmallpadding ppb_text\" style=\"padding:30px 0 30px 0;\" >\n<div class=\"standard_wrapper\">\n<div class=\"page_content_wrapper\">\n<div class=\"inner\">\n<div style=\"margin:auto;width:100%\">\n<h5><span style=\"color: #ffffff;\">WHAT  DO WE OFFER?<\/span><\/h5>\n<\/div>\n<\/div>\n<\/div>\n<\/div>\n<\/div>\n<\/div>\n<div  class=\"one withsmallpadding ppb_text\" style=\"padding:30px;\" ><\/div>\n<div class=\"standard_wrapper\">\n<div  class=\"one_third withsmallpadding ppb_text\" style=\"padding:30px 0 30px 0;\" >\n<div class=\"standard_wrapper\">\n<div class=\"page_content_wrapper\">\n<div class=\"inner\">\n<div style=\"margin:auto;width:100%\">\n<div class=\"pp_accordion_close has_icon\">\n<h3><a href=\"#\"><i class=\"fa fa-align-justify\"><\/i>24\/7\/365 ACCESS TO INACCESSIBLE SPACES<\/a><\/h3>\n<div>\n<p><p style=\"text-align: justify;\">Visit spaces that need to be promoted, complementary spaces to the museum \/ tourist routes with difficult or prohibited access, etc.  made available 24 hours, 7 days a week, 365 days a year. A virtual complement to your real visit. A promotion prior to visiting the museum space. Everything, from anywhere in the world and at any time.<\/p>\n<\/p>\n<\/div>\n<\/div>\n<\/div>\n<\/div>\n<\/div>\n<\/div>\n<\/div>\n<\/div>\n<div class=\"standard_wrapper\">\n<div  class=\"one_third withsmallpadding ppb_text\" style=\"padding:30px 0 30px 0;\" >\n<div class=\"standard_wrapper\">\n<div class=\"page_content_wrapper\">\n<div class=\"inner\">\n<div style=\"margin:auto;width:100%\">\n<div class=\"pp_accordion_close has_icon\">\n<h3><a href=\"#\"><i class=\"fa fa-align-justify\"><\/i>HIGH RESOLUTION PANORAMIC IMAGES<\/a><\/h3>\n<div>\n<p><p style=\"text-align: justify;\">Our tours are produced with full 360 panoramic images made in HDR. We also carry out a post-production of each panorama so that the result is of the highest quality, including the treatment of the zenith and the nadir, essential to consider a real 360 panorama, since all the spaces are visualized without patches that obscure them.<\/p>\n<\/p>\n<\/div>\n<\/div>\n<\/div>\n<\/div>\n<\/div>\n<\/div>\n<\/div>\n<\/div>\n<div class=\"standard_wrapper\">\n<div  class=\"one_third last withsmallpadding ppb_text\" style=\"padding:30px 0 30px 0;\" >\n<div class=\"standard_wrapper\">\n<div class=\"page_content_wrapper\">\n<div class=\"inner\">\n<div style=\"margin:auto;width:100%\">\n<div class=\"pp_accordion_close has_icon\">\n<h3><a href=\"#\"><i class=\"fa fa-align-justify\"><\/i>MULTI LANGUAGE<\/a><\/h3>\n<div>\n<p><p style=\"text-align: justify;\">The tours incorporate audio-guided content in any language, especially those of the Spanish territory (Asturian, Basque, Galician, Catalan, etc). They can include different audio-guided points of interest both in the panoramic images and at specific points along the route.<\/p>\n<\/p>\n<\/div>\n<\/div>\n<\/div>\n<\/div>\n<\/div>\n<\/div>\n<\/div>\n<\/div>\n<div class=\"standard_wrapper\">\n<div  class=\"one_third last withsmallpadding ppb_text\" style=\"padding:30px 0 30px 0;\" >\n<div class=\"standard_wrapper\">\n<div class=\"page_content_wrapper\">\n<div class=\"inner\">\n<div style=\"margin:auto;width:100%\">\n<div class=\"pp_accordion_close has_icon\">\n<h3><a href=\"#\"><i class=\"fa fa-align-justify\"><\/i>MULTI LANGUAGE<\/a><\/h3>\n<div>\n<p><p style=\"text-align: justify;\">The tours incorporate audio-guided content in any language, especially those of the Spanish territory (Asturian, Basque, Galician, Catalan, etc). They can include different audio-guided points of interest both in the panoramic images and at specific points along the route.<\/p>\n<\/p>\n<\/div>\n<\/div>\n<\/div>\n<\/div>\n<\/div>\n<\/div>\n<\/div>\n<\/div>\n<div class=\"standard_wrapper\">\n<div  class=\"one_third withsmallpadding ppb_text\" style=\"padding:30px 0 30px 0;\" >\n<div class=\"standard_wrapper\">\n<div class=\"page_content_wrapper\">\n<div class=\"inner\">\n<div style=\"margin:auto;width:100%\">\n<div class=\"pp_accordion_close has_icon\">\n<h3><a href=\"#\"><i class=\"fa fa-align-justify\"><\/i>ORIGINAL NARRATIVE<\/a><\/h3>\n<div>\n<p><p style=\"text-align: justify;\">Dynamic descriptions adapted to different audiences in a direct and entertaining way. A script created expressly for the project, which facilitates understanding and accessibility to more technical content on the point of artistic, historical interest, etc.<\/p>\n<\/p>\n<\/div>\n<\/div>\n<\/div>\n<\/div>\n<\/div>\n<\/div>\n<\/div>\n<\/div>\n<div class=\"standard_wrapper\">\n<div  class=\"one_third withsmallpadding ppb_text\" style=\"padding:30px 0 30px 0;\" >\n<div class=\"standard_wrapper\">\n<div class=\"page_content_wrapper\">\n<div class=\"inner\">\n<div style=\"margin:auto;width:100%\">\n<div class=\"pp_accordion_close has_icon\">\n<h3><a href=\"#\"><i class=\"fa fa-align-justify\"><\/i>CUSTOMIZED MUSIC AND SOUND EFFECTS<\/a><\/h3>\n<div>\n<p><p style=\"text-align: justify;\">The soundtrack accompanies the narrative, enhancing its immersive effect. We can create it completely on demand, emphasizing with the sound what is being explained. A richer way of listening that is more memorable for the visitor.<\/p>\n<\/p>\n<\/div>\n<\/div>\n<\/div>\n<\/div>\n<\/div>\n<\/div>\n<\/div>\n<\/div>\n<div class=\"standard_wrapper\">\n<div  class=\"one_third last withsmallpadding ppb_text\" style=\"padding:30px 0 30px 0;\" >\n<div class=\"standard_wrapper\">\n<div class=\"page_content_wrapper\">\n<div class=\"inner\">\n<div style=\"margin:auto;width:100%\">\n<div class=\"pp_accordion_close has_icon\">\n<h3><a href=\"#\"><i class=\"fa fa-align-justify\"><\/i>USABILITY FOR PEOPLE WITH DISABILITIES<\/a><\/h3>\n<div>\n<p><p style=\"text-align: justify;\">As it stands, the virtual tour is already adapted technology since it facilitates access to cultural content that is difficult for people with limitations to access. The tours can also be supplemented with texts for people with hearing disabilities or video guides with sign language.<\/span><\/p>\n<\/p>\n<\/div>\n<\/div>\n<\/div>\n<\/div>\n<\/div>\n<\/div>\n<\/div>\n<\/div>\n<div class=\"standard_wrapper\">\n<div  class=\"one_third last withsmallpadding ppb_text\" style=\"padding:30px 0 30px 0;\" >\n<div class=\"standard_wrapper\">\n<div class=\"page_content_wrapper\">\n<div class=\"inner\">\n<div style=\"margin:auto;width:100%\">\n<div class=\"pp_accordion_close has_icon\">\n<h3><a href=\"#\"><i class=\"fa fa-align-justify\"><\/i>USABILITY FOR PEOPLE WITH DISABILITIES<\/a><\/h3>\n<div>\n<p><p style=\"text-align: justify;\">As it stands, the virtual tour is already adapted technology since it facilitates access to cultural content that is difficult for people with limitations to access. The tours can also be supplemented with texts for people with hearing disabilities or video guides with sign language.<\/span><\/p>\n<\/p>\n<\/div>\n<\/div>\n<\/div>\n<\/div>\n<\/div>\n<\/div>\n<\/div>\n<\/div>\n<div class=\"standard_wrapper\">\n<div  class=\"one_third withsmallpadding ppb_text\" style=\"padding:30px 0 30px 0;\" >\n<div class=\"standard_wrapper\">\n<div class=\"page_content_wrapper\">\n<div class=\"inner\">\n<div style=\"margin:auto;width:100%\">\n<div class=\"pp_accordion_close has_icon\">\n<h3><a href=\"#\"><i class=\"fa fa-align-justify\"><\/i>+ MULTIMEDIA CONTENT<\/a><\/h3>\n<div>\n<p><p style=\"text-align: justify;\">The virtual tour is enriched with additional multimedia content such as videos, graphics, images, sounds, 3D or interactive maps; that help the visitor to develop a true virtual tour.<\/p>\n<\/p>\n<\/div>\n<\/div>\n<\/div>\n<\/div>\n<\/div>\n<\/div>\n<\/div>\n<\/div>\n<div class=\"standard_wrapper\">\n<div  class=\"one_third withsmallpadding ppb_text\" style=\"padding:30px 0 30px 0;\" >\n<div class=\"standard_wrapper\">\n<div class=\"page_content_wrapper\">\n<div class=\"inner\">\n<div style=\"margin:auto;width:100%\"><\/div>\n<\/div>\n<\/div>\n<\/div>\n<\/div>\n<\/div>\n<div class=\"standard_wrapper\">\n<div  class=\"one_third last withsmallpadding ppb_text\" style=\"padding:30px 0 30px 0;\" >\n<div class=\"standard_wrapper\">\n<div class=\"page_content_wrapper\">\n<div class=\"inner\">\n<div style=\"margin:auto;width:100%\">\n<div class=\"pp_accordion_close has_icon\">\n<h3><a href=\"#\"><i class=\"fa fa-align-justify\"><\/i>REPORTS OF USE AND DOWNLOAD<\/a><\/h3>\n<div>\n<p><p style=\"color: #000000; text-align: justify;\">We offer complete usage and download reports, data on the quality (age, interests) or origin of visitors, devices used, time of use, etc.<\/p>\n<\/p>\n<\/div>\n<\/div>\n<\/div>\n<\/div>\n<\/div>\n<\/div>\n<\/div>\n<\/div>\n<div class=\"standard_wrapper\">\n<div  class=\"one_third last withsmallpadding ppb_text\" style=\"padding:30px 0 30px 0;\" >\n<div class=\"standard_wrapper\">\n<div class=\"page_content_wrapper\">\n<div class=\"inner\">\n<div style=\"margin:auto;width:100%\">\n<div class=\"pp_accordion_close has_icon\">\n<h3><a href=\"#\"><i class=\"fa fa-align-justify\"><\/i>REPORTS OF USE AND DOWNLOAD<\/a><\/h3>\n<div>\n<p><p style=\"color: #000000; text-align: justify;\">We offer complete usage and download reports, data on the quality (age, interests) or origin of visitors, devices used, time of use, etc.<\/p>\n<\/p>\n<\/div>\n<\/div>\n<\/div>\n<\/div>\n<\/div>\n<\/div>\n<\/div>\n<\/div>\n<div  class=\"one withsmallpadding ppb_text\" style=\"padding:30px 0 30px 0;\" >\n<div class=\"standard_wrapper\">\n<div class=\"page_content_wrapper\">\n<div class=\"inner\">\n<div style=\"margin:auto;width:100%\">\n<h4 style=\"text-align: center;\"><span style=\"color: #ffffff;\">SOME TOURS<br \/>\n<\/span><\/h4>\n<\/div>\n<\/div>\n<\/div>\n<\/div>\n<\/div>\n<div class=\"standard_wrapper\">\n<div  class=\"one_third withsmallpadding ppb_text\" style=\"padding:30px 0 30px 0;\" >\n<div class=\"standard_wrapper\">\n<div class=\"page_content_wrapper\">\n<div class=\"inner\">\n<div style=\"margin:auto;width:100%\">\n<p><a href=\"http:\/\/s898959212.mialojamiento.es\/707-2\" target=\"_blank\" rel=\"noopener\"><img decoding=\"async\" loading=\"lazy\" class=\"aligncenter wp-image-7410\" src=\"https:\/\/tecnologiacultural.com\/wp-content\/uploads\/sites\/3\/2021\/11\/logo-saintjamesway.svg\" alt=\"Federaci\u00f3n Europea del Camino de Santiago\" width=\"142\" height=\"254\" \/><\/a><\/p>\n<\/div>\n<\/div>\n<\/div>\n<\/div>\n<\/div>\n<\/div>\n<div class=\"standard_wrapper\">\n<div  class=\"one_third withsmallpadding ppb_text\" style=\"padding:30px 0 30px 0;\" >\n<div class=\"standard_wrapper\">\n<div class=\"page_content_wrapper\">\n<div class=\"inner\">\n<div style=\"margin:auto;width:100%\">\n<p><a href=\"http:\/\/miraesto.info\/360\/botanico\/\" target=\"_blank\" rel=\"noopener\"><img decoding=\"async\" loading=\"lazy\" class=\"aligncenter wp-image-7401\" src=\"https:\/\/tecnologiacultural.com\/wp-content\/uploads\/sites\/3\/2021\/11\/botanico-300x220.jpg\" alt=\"Jard\u00edn Bot\u00e1nico Atl\u00e1ntico\" width=\"251\" height=\"176\" \/><\/a><\/p>\n<\/div>\n<\/div>\n<\/div>\n<\/div>\n<\/div>\n<\/div>\n<div class=\"standard_wrapper\">\n<div  class=\"one_third last withsmallpadding ppb_text\" style=\"padding:30px 0 30px 0;\" >\n<div class=\"standard_wrapper\">\n<div class=\"page_content_wrapper\">\n<div class=\"inner\">\n<div style=\"margin:auto;width:100%\">\n<p><a href=\"http:\/\/miraesto.info\/360\/museobellasartes\/index.html?s=pano44\" rel=\"noopener\"><img decoding=\"async\" loading=\"lazy\" class=\"aligncenter wp-image-7405\" src=\"https:\/\/tecnologiacultural.com\/wp-content\/uploads\/sites\/3\/2021\/11\/museobellasartes-155x300.jpg\" alt=\"Museo de Bellas Artes de Asturias\" width=\"133\" height=\"257\" \/><\/a><\/p>\n<\/div>\n<\/div>\n<\/div>\n<\/div>\n<\/div>\n<\/div>\n<div  class=\"one withsmallpadding ppb_text\" style=\"padding:30px;\" ><\/div>\n","protected":false},"excerpt":{"rendered":"<p>VIRTUAL TOURS VIRTUAL TOURS TRUE 360 DEGREES WHY USE TOURS AS CULTURAL TECHNOLOGY There are several reasons why tours are used in spaces such as museums, cathedrals, archaeological sites, catacombs, industrial heritage, etc.: In the first place, there is the [&hellip;]<\/p>\n","protected":false},"author":1,"featured_media":0,"parent":0,"menu_order":0,"comment_status":"closed","ping_status":"closed","template":"","meta":{"inline_featured_image":false,"footnotes":""},"class_list":["post-7246","page","type-page","status-publish","hentry"],"yoast_head":"<!-- This site is optimized with the Yoast SEO Premium plugin v22.6 (Yoast SEO v25.9) - https:\/\/yoast.com\/wordpress\/plugins\/seo\/ -->\n<title>VIRTUAL TOURS - Cultural Technology<\/title>\n<meta name=\"robots\" content=\"index, follow, max-snippet:-1, max-image-preview:large, max-video-preview:-1\" \/>\n<link rel=\"canonical\" href=\"https:\/\/tecnologiacultural.com\/en\/virtual-tours\" \/>\n<meta property=\"og:locale\" content=\"es_ES\" \/>\n<meta property=\"og:type\" content=\"article\" \/>\n<meta property=\"og:title\" content=\"VIRTUAL TOURS\" \/>\n<meta property=\"og:description\" content=\"VIRTUAL TOURS VIRTUAL TOURS TRUE 360 DEGREES WHY USE TOURS AS CULTURAL TECHNOLOGY There are several reasons why tours are used in spaces such as museums, cathedrals, archaeological sites, catacombs, industrial heritage, etc.: In the first place, there is the [&hellip;]\" \/>\n<meta property=\"og:url\" content=\"https:\/\/tecnologiacultural.com\/en\/virtual-tours\" \/>\n<meta property=\"og:site_name\" content=\"Cultural Technology\" \/>\n<meta property=\"article:modified_time\" content=\"2022-08-31T10:03:37+00:00\" \/>\n<meta property=\"og:image\" content=\"https:\/\/tecnologiacultural.com\/wp-content\/uploads\/sites\/3\/2021\/11\/icoB.svg\" \/>\n<meta name=\"twitter:card\" content=\"summary_large_image\" \/>\n<meta name=\"twitter:label1\" content=\"Tiempo de lectura\" \/>\n\t<meta name=\"twitter:data1\" content=\"3 minutos\" \/>\n<script type=\"application\/ld+json\" class=\"yoast-schema-graph\">{\"@context\":\"https:\/\/schema.org\",\"@graph\":[{\"@type\":\"WebPage\",\"@id\":\"https:\/\/tecnologiacultural.com\/en\/virtual-tours\",\"url\":\"https:\/\/tecnologiacultural.com\/en\/virtual-tours\",\"name\":\"VIRTUAL TOURS - Cultural Technology\",\"isPartOf\":{\"@id\":\"https:\/\/tecnologiacultural.com\/en\/#website\"},\"primaryImageOfPage\":{\"@id\":\"https:\/\/tecnologiacultural.com\/en\/virtual-tours#primaryimage\"},\"image\":{\"@id\":\"https:\/\/tecnologiacultural.com\/en\/virtual-tours#primaryimage\"},\"thumbnailUrl\":\"https:\/\/tecnologiacultural.com\/wp-content\/uploads\/sites\/3\/2021\/11\/icoB.svg\",\"datePublished\":\"2021-11-26T13:26:52+00:00\",\"dateModified\":\"2022-08-31T10:03:37+00:00\",\"breadcrumb\":{\"@id\":\"https:\/\/tecnologiacultural.com\/en\/virtual-tours#breadcrumb\"},\"inLanguage\":\"es\",\"potentialAction\":[{\"@type\":\"ReadAction\",\"target\":[\"https:\/\/tecnologiacultural.com\/en\/virtual-tours\"]}]},{\"@type\":\"ImageObject\",\"inLanguage\":\"es\",\"@id\":\"https:\/\/tecnologiacultural.com\/en\/virtual-tours#primaryimage\",\"url\":\"https:\/\/tecnologiacultural.com\/wp-content\/uploads\/sites\/3\/2021\/11\/icoB.svg\",\"contentUrl\":\"https:\/\/tecnologiacultural.com\/wp-content\/uploads\/sites\/3\/2021\/11\/icoB.svg\"},{\"@type\":\"BreadcrumbList\",\"@id\":\"https:\/\/tecnologiacultural.com\/en\/virtual-tours#breadcrumb\",\"itemListElement\":[{\"@type\":\"ListItem\",\"position\":1,\"name\":\"Portada\",\"item\":\"https:\/\/tecnologiacultural.com\/en\/\"},{\"@type\":\"ListItem\",\"position\":2,\"name\":\"VIRTUAL TOURS\"}]},{\"@type\":\"WebSite\",\"@id\":\"https:\/\/tecnologiacultural.com\/en\/#website\",\"url\":\"https:\/\/tecnologiacultural.com\/en\/\",\"name\":\"Cultural Technology\",\"description\":\"Contenido cultural y desarrollo digital\",\"potentialAction\":[{\"@type\":\"SearchAction\",\"target\":{\"@type\":\"EntryPoint\",\"urlTemplate\":\"https:\/\/tecnologiacultural.com\/en\/?s={search_term_string}\"},\"query-input\":{\"@type\":\"PropertyValueSpecification\",\"valueRequired\":true,\"valueName\":\"search_term_string\"}}],\"inLanguage\":\"es\"}]}<\/script>\n<!-- \/ Yoast SEO Premium plugin. -->","yoast_head_json":{"title":"VIRTUAL TOURS - Cultural Technology","robots":{"index":"index","follow":"follow","max-snippet":"max-snippet:-1","max-image-preview":"max-image-preview:large","max-video-preview":"max-video-preview:-1"},"canonical":"https:\/\/tecnologiacultural.com\/en\/virtual-tours","og_locale":"es_ES","og_type":"article","og_title":"VIRTUAL TOURS","og_description":"VIRTUAL TOURS VIRTUAL TOURS TRUE 360 DEGREES WHY USE TOURS AS CULTURAL TECHNOLOGY There are several reasons why tours are used in spaces such as museums, cathedrals, archaeological sites, catacombs, industrial heritage, etc.: In the first place, there is the [&hellip;]","og_url":"https:\/\/tecnologiacultural.com\/en\/virtual-tours","og_site_name":"Cultural Technology","article_modified_time":"2022-08-31T10:03:37+00:00","og_image":[{"url":"https:\/\/tecnologiacultural.com\/wp-content\/uploads\/sites\/3\/2021\/11\/icoB.svg","type":"","width":"","height":""}],"twitter_card":"summary_large_image","twitter_misc":{"Tiempo de lectura":"3 minutos"},"schema":{"@context":"https:\/\/schema.org","@graph":[{"@type":"WebPage","@id":"https:\/\/tecnologiacultural.com\/en\/virtual-tours","url":"https:\/\/tecnologiacultural.com\/en\/virtual-tours","name":"VIRTUAL TOURS - Cultural Technology","isPartOf":{"@id":"https:\/\/tecnologiacultural.com\/en\/#website"},"primaryImageOfPage":{"@id":"https:\/\/tecnologiacultural.com\/en\/virtual-tours#primaryimage"},"image":{"@id":"https:\/\/tecnologiacultural.com\/en\/virtual-tours#primaryimage"},"thumbnailUrl":"https:\/\/tecnologiacultural.com\/wp-content\/uploads\/sites\/3\/2021\/11\/icoB.svg","datePublished":"2021-11-26T13:26:52+00:00","dateModified":"2022-08-31T10:03:37+00:00","breadcrumb":{"@id":"https:\/\/tecnologiacultural.com\/en\/virtual-tours#breadcrumb"},"inLanguage":"es","potentialAction":[{"@type":"ReadAction","target":["https:\/\/tecnologiacultural.com\/en\/virtual-tours"]}]},{"@type":"ImageObject","inLanguage":"es","@id":"https:\/\/tecnologiacultural.com\/en\/virtual-tours#primaryimage","url":"https:\/\/tecnologiacultural.com\/wp-content\/uploads\/sites\/3\/2021\/11\/icoB.svg","contentUrl":"https:\/\/tecnologiacultural.com\/wp-content\/uploads\/sites\/3\/2021\/11\/icoB.svg"},{"@type":"BreadcrumbList","@id":"https:\/\/tecnologiacultural.com\/en\/virtual-tours#breadcrumb","itemListElement":[{"@type":"ListItem","position":1,"name":"Portada","item":"https:\/\/tecnologiacultural.com\/en\/"},{"@type":"ListItem","position":2,"name":"VIRTUAL TOURS"}]},{"@type":"WebSite","@id":"https:\/\/tecnologiacultural.com\/en\/#website","url":"https:\/\/tecnologiacultural.com\/en\/","name":"Cultural Technology","description":"Contenido cultural y desarrollo digital","potentialAction":[{"@type":"SearchAction","target":{"@type":"EntryPoint","urlTemplate":"https:\/\/tecnologiacultural.com\/en\/?s={search_term_string}"},"query-input":{"@type":"PropertyValueSpecification","valueRequired":true,"valueName":"search_term_string"}}],"inLanguage":"es"}]}},"_links":{"self":[{"href":"https:\/\/tecnologiacultural.com\/en\/wp-json\/wp\/v2\/pages\/7246","targetHints":{"allow":["GET"]}}],"collection":[{"href":"https:\/\/tecnologiacultural.com\/en\/wp-json\/wp\/v2\/pages"}],"about":[{"href":"https:\/\/tecnologiacultural.com\/en\/wp-json\/wp\/v2\/types\/page"}],"author":[{"embeddable":true,"href":"https:\/\/tecnologiacultural.com\/en\/wp-json\/wp\/v2\/users\/1"}],"replies":[{"embeddable":true,"href":"https:\/\/tecnologiacultural.com\/en\/wp-json\/wp\/v2\/comments?post=7246"}],"version-history":[{"count":287,"href":"https:\/\/tecnologiacultural.com\/en\/wp-json\/wp\/v2\/pages\/7246\/revisions"}],"predecessor-version":[{"id":9050,"href":"https:\/\/tecnologiacultural.com\/en\/wp-json\/wp\/v2\/pages\/7246\/revisions\/9050"}],"wp:attachment":[{"href":"https:\/\/tecnologiacultural.com\/en\/wp-json\/wp\/v2\/media?parent=7246"}],"curies":[{"name":"wp","href":"https:\/\/api.w.org\/{rel}","templated":true}]}}